{"id":7907,"date":"2018-08-09T14:23:52","date_gmt":"2018-08-09T14:23:52","guid":{"rendered":"http:\/\/limousinen-service-ulm.de\/?post_type=product&#038;p=7907"},"modified":"2022-11-03T23:17:28","modified_gmt":"2022-11-03T23:17:28","slug":"rosenblaetter","status":"publish","type":"product","link":"https:\/\/www.limo-a.de\/?product=rosenblaetter","title":{"rendered":"Rosenbl\u00e4tter"},"content":{"rendered":"<p>Sie k\u00f6nnen Ihre Limousine mit Rosenbl\u00e4tter ( ca. 50 St\u00fcck) bestellen.<\/p>\n","protected":false},"excerpt":{"rendered":"<p>Sed case exerci pericula id. Et wisi melius vel, an pro accusamus temporibus. Cu elitr aeterno has, labitur alienum probatus te nam, sea nisl discere saperet in at timeam commodo.<\/p>\n","protected":false},"featured_media":7906,"comment_status":"closed","ping_status":"closed","template":"","meta":[],"product_cat":[192],"product_tag":[274,276,275,277,273],"_links":{"self":[{"href":"https:\/\/www.limo-a.de\/index.php?rest_route=\/wp\/v2\/product\/7907"}],"collection":[{"href":"https:\/\/www.limo-a.de\/index.php?rest_route=\/wp\/v2\/product"}],"about":[{"href":"https:\/\/www.limo-a.de\/index.php?rest_route=\/wp\/v2\/types\/product"}],"replies":[{"embeddable":true,"href":"https:\/\/www.limo-a.de\/index.php?rest_route=%2Fwp%2Fv2%2Fcomments&post=7907"}],"wp:featuredmedia":[{"embeddable":true,"href":"https:\/\/www.limo-a.de\/index.php?rest_route=\/wp\/v2\/media\/7906"}],"wp:attachment":[{"href":"https:\/\/www.limo-a.de\/index.php?rest_route=%2Fwp%2Fv2%2Fmedia&parent=7907"}],"wp:term":[{"taxonomy":"product_cat","embeddable":true,"href":"https:\/\/www.limo-a.de\/index.php?rest_route=%2Fwp%2Fv2%2Fproduct_cat&post=7907"},{"taxonomy":"product_tag","embeddable":true,"href":"https:\/\/www.limo-a.de\/index.php?rest_route=%2Fwp%2Fv2%2Fproduct_tag&post=7907"}],"curies":[{"name":"wp","href":"https:\/\/api.w.org\/{rel}","templated":true}]}}