{"id":7893,"date":"2018-08-09T13:45:59","date_gmt":"2018-08-09T13:45:59","guid":{"rendered":"http:\/\/limousinen-service-ulm.de\/?post_type=product&#038;p=7893"},"modified":"2022-11-03T23:16:06","modified_gmt":"2022-11-03T23:16:06","slug":"aktionsangebot-paris","status":"publish","type":"product","link":"https:\/\/www.limo-a.de\/?product=aktionsangebot-paris","title":{"rendered":"Aktionsangebot &#8211; Paris"},"content":{"rendered":"<p>Super-Stretch-Limousine in Wei\u00df f\u00fcr max. 8 Personen inkl. Sekt inkl. Blumenstrau\u00df f\u00fcr die Limousine zum Preis von 199 Euro. F\u00fcr standesamtliche Hochzeiten, Hochzeiten, Hochzeitjubil\u00e4en oder f\u00fcr einen besonderen Anlass .<\/p>\n","protected":false},"excerpt":{"rendered":"<p>Sed case exerci pericula id. Et wisi melius vel, an pro accusamus temporibus. Cu elitr aeterno has, labitur alienum probatus te nam, sea nisl discere saperet in at timeam commodo.<\/p>\n","protected":false},"featured_media":1691,"comment_status":"closed","ping_status":"closed","template":"","meta":[],"product_cat":[267],"product_tag":[258,261,256,257,264,263,262,260,265,259],"_links":{"self":[{"href":"https:\/\/www.limo-a.de\/index.php?rest_route=\/wp\/v2\/product\/7893"}],"collection":[{"href":"https:\/\/www.limo-a.de\/index.php?rest_route=\/wp\/v2\/product"}],"about":[{"href":"https:\/\/www.limo-a.de\/index.php?rest_route=\/wp\/v2\/types\/product"}],"replies":[{"embeddable":true,"href":"https:\/\/www.limo-a.de\/index.php?rest_route=%2Fwp%2Fv2%2Fcomments&post=7893"}],"wp:featuredmedia":[{"embeddable":true,"href":"https:\/\/www.limo-a.de\/index.php?rest_route=\/wp\/v2\/media\/1691"}],"wp:attachment":[{"href":"https:\/\/www.limo-a.de\/index.php?rest_route=%2Fwp%2Fv2%2Fmedia&parent=7893"}],"wp:term":[{"taxonomy":"product_cat","embeddable":true,"href":"https:\/\/www.limo-a.de\/index.php?rest_route=%2Fwp%2Fv2%2Fproduct_cat&post=7893"},{"taxonomy":"product_tag","embeddable":true,"href":"https:\/\/www.limo-a.de\/index.php?rest_route=%2Fwp%2Fv2%2Fproduct_tag&post=7893"}],"curies":[{"name":"wp","href":"https:\/\/api.w.org\/{rel}","templated":true}]}}