{"id":7892,"date":"2018-08-09T13:43:07","date_gmt":"2018-08-09T13:43:07","guid":{"rendered":"http:\/\/limousinen-service-ulm.de\/?post_type=product&#038;p=7892"},"modified":"2022-11-03T23:16:37","modified_gmt":"2022-11-03T23:16:37","slug":"aktionsangebot-new-york","status":"publish","type":"product","link":"https:\/\/www.limo-a.de\/?product=aktionsangebot-new-york","title":{"rendered":"Aktionsangebot &#8211; New York"},"content":{"rendered":"<p>Super-Stretch-Limousine in Pearl-Wei\u00df f\u00fcr max. 8 Personen 1 Stunde Stadtrundfahrt inkl. Sekt inkl. Fotoshooting zum Preis von 149 Euro. F\u00fcr Junggesellenabschiede, Geburtstage, besondere Anl\u00e4sse uvm.<\/p>\n","protected":false},"excerpt":{"rendered":"<p>Sed case exerci pericula id. Et wisi melius vel, an pro accusamus temporibus. Cu elitr aeterno has, labitur alienum probatus te nam, sea nisl discere saperet in at timeam commodo.<\/p>\n","protected":false},"featured_media":7879,"comment_status":"closed","ping_status":"closed","template":"","meta":[],"product_cat":[266],"product_tag":[258,261,256,257,264,263,262,260,265,259],"_links":{"self":[{"href":"https:\/\/www.limo-a.de\/index.php?rest_route=\/wp\/v2\/product\/7892"}],"collection":[{"href":"https:\/\/www.limo-a.de\/index.php?rest_route=\/wp\/v2\/product"}],"about":[{"href":"https:\/\/www.limo-a.de\/index.php?rest_route=\/wp\/v2\/types\/product"}],"replies":[{"embeddable":true,"href":"https:\/\/www.limo-a.de\/index.php?rest_route=%2Fwp%2Fv2%2Fcomments&post=7892"}],"wp:featuredmedia":[{"embeddable":true,"href":"https:\/\/www.limo-a.de\/index.php?rest_route=\/wp\/v2\/media\/7879"}],"wp:attachment":[{"href":"https:\/\/www.limo-a.de\/index.php?rest_route=%2Fwp%2Fv2%2Fmedia&parent=7892"}],"wp:term":[{"taxonomy":"product_cat","embeddable":true,"href":"https:\/\/www.limo-a.de\/index.php?rest_route=%2Fwp%2Fv2%2Fproduct_cat&post=7892"},{"taxonomy":"product_tag","embeddable":true,"href":"https:\/\/www.limo-a.de\/index.php?rest_route=%2Fwp%2Fv2%2Fproduct_tag&post=7892"}],"curies":[{"name":"wp","href":"https:\/\/api.w.org\/{rel}","templated":true}]}}