{"id":212,"date":"2016-10-19T15:03:27","date_gmt":"2016-10-19T15:03:27","guid":{"rendered":"http:\/\/citycruise.mikado-themes.com\/product\/product-13\/"},"modified":"2022-11-03T23:17:41","modified_gmt":"2022-11-03T23:17:41","slug":"blumenstrauss-fuer-die-limousine","status":"publish","type":"product","link":"https:\/\/www.limo-a.de\/?product=blumenstrauss-fuer-die-limousine","title":{"rendered":"Blumenstrau\u00df f\u00fcr die Limousine"},"content":{"rendered":"<p>Hier k\u00f6nnten Sie Blumenstrau\u00df f\u00fcr die Limousine gleich dazu bestellen.<\/p>\n","protected":false},"excerpt":{"rendered":"<p>Sed case exerci pericula id. Et wisi melius vel, an pro accusamus temporibus. Cu elitr aeterno has, labitur alienum probatus te nam, sea nisl discere saperet in at timeam commodo.<\/p>\n","protected":false},"featured_media":7898,"comment_status":"closed","ping_status":"closed","template":"","meta":[],"product_cat":[192],"product_tag":[270],"_links":{"self":[{"href":"https:\/\/www.limo-a.de\/index.php?rest_route=\/wp\/v2\/product\/212"}],"collection":[{"href":"https:\/\/www.limo-a.de\/index.php?rest_route=\/wp\/v2\/product"}],"about":[{"href":"https:\/\/www.limo-a.de\/index.php?rest_route=\/wp\/v2\/types\/product"}],"replies":[{"embeddable":true,"href":"https:\/\/www.limo-a.de\/index.php?rest_route=%2Fwp%2Fv2%2Fcomments&post=212"}],"wp:featuredmedia":[{"embeddable":true,"href":"https:\/\/www.limo-a.de\/index.php?rest_route=\/wp\/v2\/media\/7898"}],"wp:attachment":[{"href":"https:\/\/www.limo-a.de\/index.php?rest_route=%2Fwp%2Fv2%2Fmedia&parent=212"}],"wp:term":[{"taxonomy":"product_cat","embeddable":true,"href":"https:\/\/www.limo-a.de\/index.php?rest_route=%2Fwp%2Fv2%2Fproduct_cat&post=212"},{"taxonomy":"product_tag","embeddable":true,"href":"https:\/\/www.limo-a.de\/index.php?rest_route=%2Fwp%2Fv2%2Fproduct_tag&post=212"}],"curies":[{"name":"wp","href":"https:\/\/api.w.org\/{rel}","templated":true}]}}